{"id":1088,"date":"2022-08-03T19:47:20","date_gmt":"2022-08-03T19:47:20","guid":{"rendered":"https:\/\/madiil.com\/?page_id=602"},"modified":"2026-03-27T01:17:44","modified_gmt":"2026-03-27T01:17:44","slug":"ilustracion-digital","status":"publish","type":"page","link":"https:\/\/madiil.com\/en_us\/ilustracion-digital\/","title":{"rendered":"Digital illustration"},"content":{"rendered":"<div data-elementor-type=\"wp-page\" data-elementor-id=\"1088\" class=\"elementor elementor-1088\" data-elementor-post-type=\"page\">\n\t\t\t\t\t\t<section class=\"elementor-section elementor-top-section elementor-element elementor-element-a84d58b elementor-section-boxed elementor-section-height-default elementor-section-height-default\" data-id=\"a84d58b\" data-element_type=\"section\" data-e-type=\"section\" data-settings=\"{&quot;background_background&quot;:&quot;classic&quot;,&quot;jet_parallax_layout_list&quot;:[]}\">\n\t\t\t\t\t\t<div class=\"elementor-container elementor-column-gap-default\">\n\t\t\t\t\t<div class=\"elementor-column elementor-col-100 elementor-top-column elementor-element elementor-element-7e9546b\" data-id=\"7e9546b\" data-element_type=\"column\" data-e-type=\"column\">\n\t\t\t<div class=\"elementor-widget-wrap elementor-element-populated\">\n\t\t\t\t\t\t<div class=\"elementor-element elementor-element-4041892 elementor-widget elementor-widget-heading\" data-id=\"4041892\" data-element_type=\"widget\" data-e-type=\"widget\" data-widget_type=\"heading.default\">\n\t\t\t\t<div class=\"elementor-widget-container\">\n\t\t\t\t\t<h1 class=\"elementor-heading-title elementor-size-default\">Digital illustration<\/h1>\t\t\t\t<\/div>\n\t\t\t\t<\/div>\n\t\t\t\t<div class=\"elementor-element elementor-element-f51bcf9 elementor-widget elementor-widget-text-editor\" data-id=\"f51bcf9\" data-element_type=\"widget\" data-e-type=\"widget\" data-widget_type=\"text-editor.default\">\n\t\t\t\t<div class=\"elementor-widget-container\">\n\t\t\t\t\t\t\t\t\t<p>Para llegar a estilos \u00fanicos, realizamos im\u00e1genes art\u00edsticas a trav\u00e9s de t\u00e9cnicas tradicionales, pero en un entorno digital. Una buena ilustraci\u00f3n es m\u00e1s que un buen dibujo, siempre tiene una funci\u00f3n: contar una historia, vender un producto, describir un entorno, mostrar c\u00f3mo funciona algo, etc.<\/p>\t\t\t\t\t\t\t\t<\/div>\n\t\t\t\t<\/div>\n\t\t\t\t\t<\/div>\n\t\t<\/div>\n\t\t\t\t\t<\/div>\n\t\t<\/section>\n\t\t\t\t<section class=\"elementor-section elementor-top-section elementor-element elementor-element-1ee9fb7 elementor-section-boxed elementor-section-height-default elementor-section-height-default\" data-id=\"1ee9fb7\" data-element_type=\"section\" data-e-type=\"section\" data-settings=\"{&quot;jet_parallax_layout_list&quot;:[]}\">\n\t\t\t\t\t\t<div class=\"elementor-container elementor-column-gap-default\">\n\t\t\t\t\t<div class=\"elementor-column elementor-col-33 elementor-top-column elementor-element elementor-element-bde1a16\" data-id=\"bde1a16\" data-element_type=\"column\" data-e-type=\"column\">\n\t\t\t<div class=\"elementor-widget-wrap elementor-element-populated\">\n\t\t\t\t\t\t<div class=\"elementor-element elementor-element-8dace25 elementor-position-top elementor-widget elementor-widget-image-box\" data-id=\"8dace25\" data-element_type=\"widget\" data-e-type=\"widget\" data-settings=\"{&quot;_animation&quot;:&quot;none&quot;}\" data-widget_type=\"image-box.default\">\n\t\t\t\t<div class=\"elementor-widget-container\">\n\t\t\t\t\t<div class=\"elementor-image-box-wrapper\"><figure class=\"elementor-image-box-img\"><img fetchpriority=\"high\" decoding=\"async\" width=\"640\" height=\"425\" src=\"https:\/\/madiil.com\/wp-content\/uploads\/2022\/08\/Ilustracion.webp\" class=\"elementor-animation-shrink attachment-full size-full wp-image-1109\" alt=\"\" srcset=\"https:\/\/madiil.com\/wp-content\/uploads\/2022\/08\/Ilustracion.webp 640w, https:\/\/madiil.com\/wp-content\/uploads\/2022\/08\/Ilustracion-600x398.webp 600w, https:\/\/madiil.com\/wp-content\/uploads\/2022\/08\/Ilustracion-300x199.webp 300w\" sizes=\"(max-width: 640px) 100vw, 640px\" \/><\/figure><div class=\"elementor-image-box-content\"><h3 class=\"elementor-image-box-title\">Illustraciones<\/h3><p class=\"elementor-image-box-description\">Ilustraciones de retrato a cuerpo entero, fondos de escritorio, paisajes, entre otros; t\u00fa eliges los elementos de tu proyecto, te asesoramos para haceer realidad tu idea.<\/p><\/div><\/div>\t\t\t\t<\/div>\n\t\t\t\t<\/div>\n\t\t\t\t\t<\/div>\n\t\t<\/div>\n\t\t\t\t<div class=\"elementor-column elementor-col-33 elementor-top-column elementor-element elementor-element-3c8e33d\" data-id=\"3c8e33d\" data-element_type=\"column\" data-e-type=\"column\">\n\t\t\t<div class=\"elementor-widget-wrap elementor-element-populated\">\n\t\t\t\t\t\t<div class=\"elementor-element elementor-element-343c82c elementor-position-top elementor-widget elementor-widget-image-box\" data-id=\"343c82c\" data-element_type=\"widget\" data-e-type=\"widget\" data-settings=\"{&quot;_animation&quot;:&quot;none&quot;}\" data-widget_type=\"image-box.default\">\n\t\t\t\t<div class=\"elementor-widget-container\">\n\t\t\t\t\t<div class=\"elementor-image-box-wrapper\"><figure class=\"elementor-image-box-img\"><img decoding=\"async\" width=\"640\" height=\"425\" src=\"https:\/\/madiil.com\/wp-content\/uploads\/2022\/08\/Mascota.webp\" class=\"elementor-animation-shrink attachment-full size-full wp-image-1102\" alt=\"\" srcset=\"https:\/\/madiil.com\/wp-content\/uploads\/2022\/08\/Mascota.webp 640w, https:\/\/madiil.com\/wp-content\/uploads\/2022\/08\/Mascota-600x398.webp 600w, https:\/\/madiil.com\/wp-content\/uploads\/2022\/08\/Mascota-300x199.webp 300w\" sizes=\"(max-width: 640px) 100vw, 640px\" \/><\/figure><div class=\"elementor-image-box-content\"><h3 class=\"elementor-image-box-title\">Pets<\/h3><p class=\"elementor-image-box-description\">Para equipos deportivos, escuelas, empresas o uso personal, descr\u00edbenos tu idea, o contacta a un asesor para dise\u00f1ar la mascota ideal para tu proyecto.<\/p><\/div><\/div>\t\t\t\t<\/div>\n\t\t\t\t<\/div>\n\t\t\t\t\t<\/div>\n\t\t<\/div>\n\t\t\t\t<div class=\"elementor-column elementor-col-33 elementor-top-column elementor-element elementor-element-a175e18\" data-id=\"a175e18\" data-element_type=\"column\" data-e-type=\"column\">\n\t\t\t<div class=\"elementor-widget-wrap elementor-element-populated\">\n\t\t\t\t\t\t<div class=\"elementor-element elementor-element-626e82d elementor-position-top elementor-widget elementor-widget-image-box\" data-id=\"626e82d\" data-element_type=\"widget\" data-e-type=\"widget\" data-settings=\"{&quot;_animation&quot;:&quot;none&quot;}\" data-widget_type=\"image-box.default\">\n\t\t\t\t<div class=\"elementor-widget-container\">\n\t\t\t\t\t<div class=\"elementor-image-box-wrapper\"><figure class=\"elementor-image-box-img\"><img decoding=\"async\" width=\"640\" height=\"425\" src=\"https:\/\/madiil.com\/wp-content\/uploads\/2022\/08\/Personaje.webp\" class=\"elementor-animation-shrink attachment-full size-full wp-image-1108\" alt=\"\" srcset=\"https:\/\/madiil.com\/wp-content\/uploads\/2022\/08\/Personaje.webp 640w, https:\/\/madiil.com\/wp-content\/uploads\/2022\/08\/Personaje-600x398.webp 600w, https:\/\/madiil.com\/wp-content\/uploads\/2022\/08\/Personaje-300x199.webp 300w\" sizes=\"(max-width: 640px) 100vw, 640px\" \/><\/figure><div class=\"elementor-image-box-content\"><h3 class=\"elementor-image-box-title\">Characters<\/h3><p class=\"elementor-image-box-description\">El dise\u00f1o de personajes puede estar destinado a c\u00f3mics, a representar una marca o para uso personal. En el dise\u00f1o de personajes se incluyen diferentes conceptos, como poses, dise\u00f1o de cuerpo, cabeza, ropa, etc.<\/p><\/div><\/div>\t\t\t\t<\/div>\n\t\t\t\t<\/div>\n\t\t\t\t\t<\/div>\n\t\t<\/div>\n\t\t\t\t\t<\/div>\n\t\t<\/section>\n\t\t\t\t<section class=\"elementor-section elementor-top-section elementor-element elementor-element-aa7d803 elementor-section-boxed elementor-section-height-default elementor-section-height-default\" data-id=\"aa7d803\" data-element_type=\"section\" data-e-type=\"section\" data-settings=\"{&quot;jet_parallax_layout_list&quot;:[]}\">\n\t\t\t\t\t\t<div class=\"elementor-container elementor-column-gap-default\">\n\t\t\t\t\t<div class=\"elementor-column elementor-col-33 elementor-top-column elementor-element elementor-element-239cf64\" data-id=\"239cf64\" data-element_type=\"column\" data-e-type=\"column\">\n\t\t\t<div class=\"elementor-widget-wrap elementor-element-populated\">\n\t\t\t\t\t\t<div class=\"elementor-element elementor-element-c1e2562 elementor-position-top elementor-widget elementor-widget-image-box\" data-id=\"c1e2562\" data-element_type=\"widget\" data-e-type=\"widget\" data-settings=\"{&quot;_animation&quot;:&quot;none&quot;}\" data-widget_type=\"image-box.default\">\n\t\t\t\t<div class=\"elementor-widget-container\">\n\t\t\t\t\t<div class=\"elementor-image-box-wrapper\"><figure class=\"elementor-image-box-img\"><img loading=\"lazy\" decoding=\"async\" width=\"640\" height=\"425\" src=\"https:\/\/madiil.com\/wp-content\/uploads\/2022\/08\/Avatar.webp\" class=\"elementor-animation-shrink attachment-full size-full wp-image-1116\" alt=\"\" srcset=\"https:\/\/madiil.com\/wp-content\/uploads\/2022\/08\/Avatar.webp 640w, https:\/\/madiil.com\/wp-content\/uploads\/2022\/08\/Avatar-600x398.webp 600w, https:\/\/madiil.com\/wp-content\/uploads\/2022\/08\/Avatar-300x199.webp 300w\" sizes=\"(max-width: 640px) 100vw, 640px\" \/><\/figure><div class=\"elementor-image-box-content\"><h3 class=\"elementor-image-box-title\">Avatars<\/h3><p class=\"elementor-image-box-description\">Un Avatar es la representaci\u00f3n gr\u00e1fica de un usuario en entornos digitales, con el fin de identificarlo; es una imagen asociada a una identidad en l\u00ednea que puede ir desde una fotograf\u00eda, dibujos art\u00edsticos o incluso para uso comercial.<\/p><\/div><\/div>\t\t\t\t<\/div>\n\t\t\t\t<\/div>\n\t\t\t\t\t<\/div>\n\t\t<\/div>\n\t\t\t\t<div class=\"elementor-column elementor-col-33 elementor-top-column elementor-element elementor-element-942d371\" data-id=\"942d371\" data-element_type=\"column\" data-e-type=\"column\">\n\t\t\t<div class=\"elementor-widget-wrap elementor-element-populated\">\n\t\t\t\t\t\t<div class=\"elementor-element elementor-element-9aa9c1d elementor-position-top elementor-widget elementor-widget-image-box\" data-id=\"9aa9c1d\" data-element_type=\"widget\" data-e-type=\"widget\" data-settings=\"{&quot;_animation&quot;:&quot;none&quot;}\" data-widget_type=\"image-box.default\">\n\t\t\t\t<div class=\"elementor-widget-container\">\n\t\t\t\t\t<div class=\"elementor-image-box-wrapper\"><figure class=\"elementor-image-box-img\"><img loading=\"lazy\" decoding=\"async\" width=\"640\" height=\"425\" src=\"https:\/\/madiil.com\/wp-content\/uploads\/2022\/08\/Portada.webp\" class=\"elementor-animation-shrink attachment-full size-full wp-image-1164\" alt=\"\" srcset=\"https:\/\/madiil.com\/wp-content\/uploads\/2022\/08\/Portada.webp 640w, https:\/\/madiil.com\/wp-content\/uploads\/2022\/08\/Portada-600x398.webp 600w, https:\/\/madiil.com\/wp-content\/uploads\/2022\/08\/Portada-300x199.webp 300w, https:\/\/madiil.com\/wp-content\/uploads\/2022\/08\/Portada-18x12.webp 18w\" sizes=\"(max-width: 640px) 100vw, 640px\" \/><\/figure><div class=\"elementor-image-box-content\"><h3 class=\"elementor-image-box-title\">Covers<\/h3><p class=\"elementor-image-box-description\">Lo primero que vemos de un libro o revista es su portada. Por lo tanto, el dise\u00f1o de portadas es un servicio de dise\u00f1o esencial. La portada siempre llama la atenci\u00f3n y nos ayuda a hacernos una idea sobre el trabajo y el contenido de tu publicaci\u00f3n.<\/p><\/div><\/div>\t\t\t\t<\/div>\n\t\t\t\t<\/div>\n\t\t\t\t\t<\/div>\n\t\t<\/div>\n\t\t\t\t<div class=\"elementor-column elementor-col-33 elementor-top-column elementor-element elementor-element-60d88ca\" data-id=\"60d88ca\" data-element_type=\"column\" data-e-type=\"column\">\n\t\t\t<div class=\"elementor-widget-wrap elementor-element-populated\">\n\t\t\t\t\t\t<div class=\"elementor-element elementor-element-9a37807 elementor-position-top elementor-widget elementor-widget-image-box\" data-id=\"9a37807\" data-element_type=\"widget\" data-e-type=\"widget\" data-settings=\"{&quot;_animation&quot;:&quot;none&quot;}\" data-widget_type=\"image-box.default\">\n\t\t\t\t<div class=\"elementor-widget-container\">\n\t\t\t\t\t<div class=\"elementor-image-box-wrapper\"><figure class=\"elementor-image-box-img\"><img loading=\"lazy\" decoding=\"async\" width=\"640\" height=\"425\" src=\"https:\/\/madiil.com\/wp-content\/uploads\/2022\/08\/Proyecto-especioales.webp\" class=\"elementor-animation-shrink attachment-full size-full wp-image-1168\" alt=\"\" srcset=\"https:\/\/madiil.com\/wp-content\/uploads\/2022\/08\/Proyecto-especioales.webp 640w, https:\/\/madiil.com\/wp-content\/uploads\/2022\/08\/Proyecto-especioales-600x398.webp 600w, https:\/\/madiil.com\/wp-content\/uploads\/2022\/08\/Proyecto-especioales-300x199.webp 300w, https:\/\/madiil.com\/wp-content\/uploads\/2022\/08\/Proyecto-especioales-18x12.webp 18w\" sizes=\"(max-width: 640px) 100vw, 640px\" \/><\/figure><div class=\"elementor-image-box-content\"><h3 class=\"elementor-image-box-title\">Special projects<\/h3><p class=\"elementor-image-box-description\">Si tu idea es algo fuera de lo com\u00fan, y quieres resultados profesionales para llevarla a cabo, cu\u00e9ntanos tu proyecto, nuestro servicio de ilustraci\u00f3n lo har\u00e1 posible.<\/p><\/div><\/div>\t\t\t\t<\/div>\n\t\t\t\t<\/div>\n\t\t\t\t\t<\/div>\n\t\t<\/div>\n\t\t\t\t\t<\/div>\n\t\t<\/section>\n\t\t\t\t<\/div>","protected":false},"excerpt":{"rendered":"<p>Ilustraci\u00f3n digital Para llegar a estilos \u00fanicos, realizamos im\u00e1genes art\u00edsticas a trav\u00e9s de t\u00e9cnicas tradicionales, pero en un entorno digital. Una buena ilustraci\u00f3n es m\u00e1s que un buen dibujo, siempre tiene una funci\u00f3n: contar una historia, vender un producto, describir un entorno, mostrar c\u00f3mo funciona algo, etc. Illustraciones Ilustraciones de retrato a cuerpo entero, fondos [&hellip;]<\/p>\n","protected":false},"author":1,"featured_media":0,"parent":0,"menu_order":0,"comment_status":"closed","ping_status":"closed","template":"elementor_header_footer","meta":{"_acf_changed":false,"footnotes":""},"class_list":["post-1088","page","type-page","status-publish","hentry"],"acf":[],"jetpack_sharing_enabled":true,"_links":{"self":[{"href":"https:\/\/madiil.com\/en_us\/wp-json\/wp\/v2\/pages\/1088","targetHints":{"allow":["GET"]}}],"collection":[{"href":"https:\/\/madiil.com\/en_us\/wp-json\/wp\/v2\/pages"}],"about":[{"href":"https:\/\/madiil.com\/en_us\/wp-json\/wp\/v2\/types\/page"}],"author":[{"embeddable":true,"href":"https:\/\/madiil.com\/en_us\/wp-json\/wp\/v2\/users\/1"}],"replies":[{"embeddable":true,"href":"https:\/\/madiil.com\/en_us\/wp-json\/wp\/v2\/comments?post=1088"}],"version-history":[{"count":92,"href":"https:\/\/madiil.com\/en_us\/wp-json\/wp\/v2\/pages\/1088\/revisions"}],"predecessor-version":[{"id":5402,"href":"https:\/\/madiil.com\/en_us\/wp-json\/wp\/v2\/pages\/1088\/revisions\/5402"}],"wp:attachment":[{"href":"https:\/\/madiil.com\/en_us\/wp-json\/wp\/v2\/media?parent=1088"}],"curies":[{"name":"wp","href":"https:\/\/api.w.org\/{rel}","templated":true}]}}