{"id":1932,"date":"2023-01-23T22:58:55","date_gmt":"2023-01-23T22:58:55","guid":{"rendered":"https:\/\/madiil.com\/?page_id=602"},"modified":"2026-03-27T01:18:55","modified_gmt":"2026-03-27T01:18:55","slug":"consultoria","status":"publish","type":"page","link":"https:\/\/madiil.com\/en_us\/consultoria\/","title":{"rendered":"Consultancy"},"content":{"rendered":"<div data-elementor-type=\"wp-page\" data-elementor-id=\"1932\" class=\"elementor elementor-1932\" data-elementor-post-type=\"page\">\n\t\t\t\t\t\t<section class=\"elementor-section elementor-top-section elementor-element elementor-element-a84d58b elementor-section-boxed elementor-section-height-default elementor-section-height-default\" data-id=\"a84d58b\" data-element_type=\"section\" data-e-type=\"section\" data-settings=\"{&quot;background_background&quot;:&quot;classic&quot;,&quot;jet_parallax_layout_list&quot;:[]}\">\n\t\t\t\t\t\t<div class=\"elementor-container elementor-column-gap-default\">\n\t\t\t\t\t<div class=\"elementor-column elementor-col-100 elementor-top-column elementor-element elementor-element-7e9546b\" data-id=\"7e9546b\" data-element_type=\"column\" data-e-type=\"column\">\n\t\t\t<div class=\"elementor-widget-wrap elementor-element-populated\">\n\t\t\t\t\t\t<div class=\"elementor-element elementor-element-4041892 elementor-widget elementor-widget-heading\" data-id=\"4041892\" data-element_type=\"widget\" data-e-type=\"widget\" data-widget_type=\"heading.default\">\n\t\t\t\t<div class=\"elementor-widget-container\">\n\t\t\t\t\t<h1 class=\"elementor-heading-title elementor-size-default\">Consultancy<\/h1>\t\t\t\t<\/div>\n\t\t\t\t<\/div>\n\t\t\t\t<div class=\"elementor-element elementor-element-f51bcf9 elementor-widget elementor-widget-text-editor\" data-id=\"f51bcf9\" data-element_type=\"widget\" data-e-type=\"widget\" data-widget_type=\"text-editor.default\">\n\t\t\t\t<div class=\"elementor-widget-container\">\n\t\t\t\t\t\t\t\t\t<p>La consultor\u00eda es un servicio especializado que tiene como objetivo orientar a los emprendedores o due\u00f1os de empresa que est\u00e1 atravesando alg\u00fan tipo de problema espec\u00edfico y que no consigue solucionarlo por sus propios medios. Por este motivo, ofrecemos asesor\u00eda sin costo, y consultor\u00eda especializada.<\/p>\t\t\t\t\t\t\t\t<\/div>\n\t\t\t\t<\/div>\n\t\t\t\t\t<\/div>\n\t\t<\/div>\n\t\t\t\t\t<\/div>\n\t\t<\/section>\n\t\t\t\t<section class=\"elementor-section elementor-top-section elementor-element elementor-element-1ee9fb7 elementor-section-boxed elementor-section-height-default elementor-section-height-default\" data-id=\"1ee9fb7\" data-element_type=\"section\" data-e-type=\"section\" data-settings=\"{&quot;jet_parallax_layout_list&quot;:[]}\">\n\t\t\t\t\t\t<div class=\"elementor-container elementor-column-gap-default\">\n\t\t\t\t\t<div class=\"elementor-column elementor-col-33 elementor-top-column elementor-element elementor-element-bde1a16\" data-id=\"bde1a16\" data-element_type=\"column\" data-e-type=\"column\">\n\t\t\t<div class=\"elementor-widget-wrap elementor-element-populated\">\n\t\t\t\t\t\t<div class=\"elementor-element elementor-element-8dace25 elementor-position-top elementor-widget elementor-widget-image-box\" data-id=\"8dace25\" data-element_type=\"widget\" data-e-type=\"widget\" data-settings=\"{&quot;_animation&quot;:&quot;none&quot;}\" data-widget_type=\"image-box.default\">\n\t\t\t\t<div class=\"elementor-widget-container\">\n\t\t\t\t\t<div class=\"elementor-image-box-wrapper\"><figure class=\"elementor-image-box-img\"><img fetchpriority=\"high\" decoding=\"async\" width=\"640\" height=\"425\" src=\"https:\/\/madiil.com\/wp-content\/uploads\/2023\/01\/Asesoria-gratuita.webp\" class=\"elementor-animation-shrink attachment-full size-full wp-image-1940\" alt=\"\" srcset=\"https:\/\/madiil.com\/wp-content\/uploads\/2023\/01\/Asesoria-gratuita.webp 640w, https:\/\/madiil.com\/wp-content\/uploads\/2023\/01\/Asesoria-gratuita-600x398.webp 600w, https:\/\/madiil.com\/wp-content\/uploads\/2023\/01\/Asesoria-gratuita-300x199.webp 300w, https:\/\/madiil.com\/wp-content\/uploads\/2023\/01\/Asesoria-gratuita-18x12.webp 18w\" sizes=\"(max-width: 640px) 100vw, 640px\" \/><\/figure><div class=\"elementor-image-box-content\"><h3 class=\"elementor-image-box-title\">Free advice<\/h3><p class=\"elementor-image-box-description\">Si es emprendedor, o due\u00f1o de un negocio, y desea mejorar, o solucionar problemas con su negocio o proyecto, cont\u00e1ctenos para recibir asesor\u00eda gratuita, consulte nuestros temas con un asesor.<\/p><\/div><\/div>\t\t\t\t<\/div>\n\t\t\t\t<\/div>\n\t\t\t\t\t<\/div>\n\t\t<\/div>\n\t\t\t\t<div class=\"elementor-column elementor-col-33 elementor-top-column elementor-element elementor-element-3c8e33d\" data-id=\"3c8e33d\" data-element_type=\"column\" data-e-type=\"column\">\n\t\t\t<div class=\"elementor-widget-wrap elementor-element-populated\">\n\t\t\t\t\t\t<div class=\"elementor-element elementor-element-343c82c elementor-position-top elementor-widget elementor-widget-image-box\" data-id=\"343c82c\" data-element_type=\"widget\" data-e-type=\"widget\" data-settings=\"{&quot;_animation&quot;:&quot;none&quot;}\" data-widget_type=\"image-box.default\">\n\t\t\t\t<div class=\"elementor-widget-container\">\n\t\t\t\t\t<div class=\"elementor-image-box-wrapper\"><figure class=\"elementor-image-box-img\"><img decoding=\"async\" width=\"640\" height=\"425\" src=\"https:\/\/madiil.com\/wp-content\/uploads\/2023\/01\/Asesoria-dropshipping.webp\" class=\"elementor-animation-shrink attachment-full size-full wp-image-1942\" alt=\"\" srcset=\"https:\/\/madiil.com\/wp-content\/uploads\/2023\/01\/Asesoria-dropshipping.webp 640w, https:\/\/madiil.com\/wp-content\/uploads\/2023\/01\/Asesoria-dropshipping-600x398.webp 600w, https:\/\/madiil.com\/wp-content\/uploads\/2023\/01\/Asesoria-dropshipping-300x199.webp 300w, https:\/\/madiil.com\/wp-content\/uploads\/2023\/01\/Asesoria-dropshipping-18x12.webp 18w\" sizes=\"(max-width: 640px) 100vw, 640px\" \/><\/figure><div class=\"elementor-image-box-content\"><h3 class=\"elementor-image-box-title\">Consultor\u00eda en dropshipping<\/h3><p class=\"elementor-image-box-description\">Si desea emprender un negocio de ventas por internet, pero no cuenta con stoock de productos, el Dropshipping es una excelente opci\u00f3n. No necesita invertir en rentas de almacen.<\/p><\/div><\/div>\t\t\t\t<\/div>\n\t\t\t\t<\/div>\n\t\t\t\t\t<\/div>\n\t\t<\/div>\n\t\t\t\t<div class=\"elementor-column elementor-col-33 elementor-top-column elementor-element elementor-element-a175e18\" data-id=\"a175e18\" data-element_type=\"column\" data-e-type=\"column\">\n\t\t\t<div class=\"elementor-widget-wrap elementor-element-populated\">\n\t\t\t\t\t\t<div class=\"elementor-element elementor-element-626e82d elementor-position-top elementor-widget elementor-widget-image-box\" data-id=\"626e82d\" data-element_type=\"widget\" data-e-type=\"widget\" data-settings=\"{&quot;_animation&quot;:&quot;none&quot;}\" data-widget_type=\"image-box.default\">\n\t\t\t\t<div class=\"elementor-widget-container\">\n\t\t\t\t\t<div class=\"elementor-image-box-wrapper\"><figure class=\"elementor-image-box-img\"><img decoding=\"async\" width=\"640\" height=\"425\" src=\"https:\/\/madiil.com\/wp-content\/uploads\/2023\/01\/Asesoria-Comercio-electronico.webp\" class=\"elementor-animation-shrink attachment-full size-full wp-image-1943\" alt=\"\" srcset=\"https:\/\/madiil.com\/wp-content\/uploads\/2023\/01\/Asesoria-Comercio-electronico.webp 640w, https:\/\/madiil.com\/wp-content\/uploads\/2023\/01\/Asesoria-Comercio-electronico-600x398.webp 600w, https:\/\/madiil.com\/wp-content\/uploads\/2023\/01\/Asesoria-Comercio-electronico-300x199.webp 300w, https:\/\/madiil.com\/wp-content\/uploads\/2023\/01\/Asesoria-Comercio-electronico-18x12.webp 18w\" sizes=\"(max-width: 640px) 100vw, 640px\" \/><\/figure><div class=\"elementor-image-box-content\"><h3 class=\"elementor-image-box-title\">E-commerce<\/h3><p class=\"elementor-image-box-description\">Inicie su tienda en l\u00ednea, o bien, si ya cuenta con un negocio f\u00edsico, puede aprovechar todas las ventajas del canal de ventas m\u00e1s importante en la actualidad, el internet.<\/p><\/div><\/div>\t\t\t\t<\/div>\n\t\t\t\t<\/div>\n\t\t\t\t\t<\/div>\n\t\t<\/div>\n\t\t\t\t\t<\/div>\n\t\t<\/section>\n\t\t\t\t<section class=\"elementor-section elementor-top-section elementor-element elementor-element-aa7d803 elementor-section-boxed elementor-section-height-default elementor-section-height-default\" data-id=\"aa7d803\" data-element_type=\"section\" data-e-type=\"section\" data-settings=\"{&quot;jet_parallax_layout_list&quot;:[]}\">\n\t\t\t\t\t\t<div class=\"elementor-container elementor-column-gap-default\">\n\t\t\t\t\t<div class=\"elementor-column elementor-col-33 elementor-top-column elementor-element elementor-element-239cf64\" data-id=\"239cf64\" data-element_type=\"column\" data-e-type=\"column\">\n\t\t\t<div class=\"elementor-widget-wrap elementor-element-populated\">\n\t\t\t\t\t\t<div class=\"elementor-element elementor-element-c1e2562 elementor-position-top elementor-widget elementor-widget-image-box\" data-id=\"c1e2562\" data-element_type=\"widget\" data-e-type=\"widget\" data-settings=\"{&quot;_animation&quot;:&quot;none&quot;}\" data-widget_type=\"image-box.default\">\n\t\t\t\t<div class=\"elementor-widget-container\">\n\t\t\t\t\t<div class=\"elementor-image-box-wrapper\"><figure class=\"elementor-image-box-img\"><img loading=\"lazy\" decoding=\"async\" width=\"640\" height=\"425\" src=\"https:\/\/madiil.com\/wp-content\/uploads\/2023\/01\/Asesoria-branding.webp\" class=\"elementor-animation-shrink attachment-full size-full wp-image-1948\" alt=\"\" srcset=\"https:\/\/madiil.com\/wp-content\/uploads\/2023\/01\/Asesoria-branding.webp 640w, https:\/\/madiil.com\/wp-content\/uploads\/2023\/01\/Asesoria-branding-600x398.webp 600w, https:\/\/madiil.com\/wp-content\/uploads\/2023\/01\/Asesoria-branding-300x199.webp 300w, https:\/\/madiil.com\/wp-content\/uploads\/2023\/01\/Asesoria-branding-18x12.webp 18w\" sizes=\"(max-width: 640px) 100vw, 640px\" \/><\/figure><div class=\"elementor-image-box-content\"><h3 class=\"elementor-image-box-title\">Branding<\/h3><p class=\"elementor-image-box-description\">Si ya comercializa sus productos, o servicios, sabr\u00e1 que una imagen y marca profesional es importante, en Madiil contamos con asesor\u00eda gratuita para ayudarle a llevar su marca al siguiente nivel.<\/p><\/div><\/div>\t\t\t\t<\/div>\n\t\t\t\t<\/div>\n\t\t\t\t\t<\/div>\n\t\t<\/div>\n\t\t\t\t<div class=\"elementor-column elementor-col-33 elementor-top-column elementor-element elementor-element-942d371\" data-id=\"942d371\" data-element_type=\"column\" data-e-type=\"column\">\n\t\t\t<div class=\"elementor-widget-wrap elementor-element-populated\">\n\t\t\t\t\t\t<div class=\"elementor-element elementor-element-9aa9c1d elementor-position-top elementor-widget elementor-widget-image-box\" data-id=\"9aa9c1d\" data-element_type=\"widget\" data-e-type=\"widget\" data-settings=\"{&quot;_animation&quot;:&quot;none&quot;}\" data-widget_type=\"image-box.default\">\n\t\t\t\t<div class=\"elementor-widget-container\">\n\t\t\t\t\t<div class=\"elementor-image-box-wrapper\"><figure class=\"elementor-image-box-img\"><img loading=\"lazy\" decoding=\"async\" width=\"640\" height=\"425\" src=\"https:\/\/madiil.com\/wp-content\/uploads\/2023\/01\/Asesoria-redes-sociales.webp\" class=\"elementor-animation-shrink attachment-full size-full wp-image-1950\" alt=\"\" srcset=\"https:\/\/madiil.com\/wp-content\/uploads\/2023\/01\/Asesoria-redes-sociales.webp 640w, https:\/\/madiil.com\/wp-content\/uploads\/2023\/01\/Asesoria-redes-sociales-600x398.webp 600w, https:\/\/madiil.com\/wp-content\/uploads\/2023\/01\/Asesoria-redes-sociales-300x199.webp 300w, https:\/\/madiil.com\/wp-content\/uploads\/2023\/01\/Asesoria-redes-sociales-18x12.webp 18w\" sizes=\"(max-width: 640px) 100vw, 640px\" \/><\/figure><div class=\"elementor-image-box-content\"><h3 class=\"elementor-image-box-title\">Social media<\/h3><p class=\"elementor-image-box-description\">Ya sea para creadores de contenido, emprendedores, artistas, o comerciantes, las redes sociales son una herramienta que debes utilizar si o si, para generar seguidores y clientes.<\/p><\/div><\/div>\t\t\t\t<\/div>\n\t\t\t\t<\/div>\n\t\t\t\t\t<\/div>\n\t\t<\/div>\n\t\t\t\t<div class=\"elementor-column elementor-col-33 elementor-top-column elementor-element elementor-element-60d88ca\" data-id=\"60d88ca\" data-element_type=\"column\" data-e-type=\"column\">\n\t\t\t<div class=\"elementor-widget-wrap elementor-element-populated\">\n\t\t\t\t\t\t<div class=\"elementor-element elementor-element-9a37807 elementor-position-top elementor-widget elementor-widget-image-box\" data-id=\"9a37807\" data-element_type=\"widget\" data-e-type=\"widget\" data-settings=\"{&quot;_animation&quot;:&quot;none&quot;}\" data-widget_type=\"image-box.default\">\n\t\t\t\t<div class=\"elementor-widget-container\">\n\t\t\t\t\t<div class=\"elementor-image-box-wrapper\"><figure class=\"elementor-image-box-img\"><img loading=\"lazy\" decoding=\"async\" width=\"640\" height=\"425\" src=\"https:\/\/madiil.com\/wp-content\/uploads\/2023\/01\/Asesoria-productos-servicios.webp\" class=\"elementor-animation-shrink attachment-full size-full wp-image-1954\" alt=\"\" srcset=\"https:\/\/madiil.com\/wp-content\/uploads\/2023\/01\/Asesoria-productos-servicios.webp 640w, https:\/\/madiil.com\/wp-content\/uploads\/2023\/01\/Asesoria-productos-servicios-600x398.webp 600w, https:\/\/madiil.com\/wp-content\/uploads\/2023\/01\/Asesoria-productos-servicios-300x199.webp 300w, https:\/\/madiil.com\/wp-content\/uploads\/2023\/01\/Asesoria-productos-servicios-18x12.webp 18w\" sizes=\"(max-width: 640px) 100vw, 640px\" \/><\/figure><div class=\"elementor-image-box-content\"><h3 class=\"elementor-image-box-title\">Products\/Services<\/h3><p class=\"elementor-image-box-description\">\u00bfNecesita ayuda para mejorar, o solucionar problemas con sus productos o servicios? Madiil le brinda un analisis y soluciones a implementar para cada tipo de situaci\u00f3n.<\/p><\/div><\/div>\t\t\t\t<\/div>\n\t\t\t\t<\/div>\n\t\t\t\t\t<\/div>\n\t\t<\/div>\n\t\t\t\t\t<\/div>\n\t\t<\/section>\n\t\t\t\t<\/div>","protected":false},"excerpt":{"rendered":"<p>Consultor\u00eda La consultor\u00eda es un servicio especializado que tiene como objetivo orientar a los emprendedores o due\u00f1os de empresa que est\u00e1 atravesando alg\u00fan tipo de problema espec\u00edfico y que no consigue solucionarlo por sus propios medios. Por este motivo, ofrecemos asesor\u00eda sin costo, y consultor\u00eda especializada. Asesor\u00eda gratuita Si es emprendedor, o due\u00f1o de un [&hellip;]<\/p>\n","protected":false},"author":1,"featured_media":0,"parent":0,"menu_order":0,"comment_status":"closed","ping_status":"closed","template":"elementor_header_footer","meta":{"_acf_changed":false,"footnotes":""},"class_list":["post-1932","page","type-page","status-publish","hentry"],"acf":[],"jetpack_sharing_enabled":true,"_links":{"self":[{"href":"https:\/\/madiil.com\/en_us\/wp-json\/wp\/v2\/pages\/1932","targetHints":{"allow":["GET"]}}],"collection":[{"href":"https:\/\/madiil.com\/en_us\/wp-json\/wp\/v2\/pages"}],"about":[{"href":"https:\/\/madiil.com\/en_us\/wp-json\/wp\/v2\/types\/page"}],"author":[{"embeddable":true,"href":"https:\/\/madiil.com\/en_us\/wp-json\/wp\/v2\/users\/1"}],"replies":[{"embeddable":true,"href":"https:\/\/madiil.com\/en_us\/wp-json\/wp\/v2\/comments?post=1932"}],"version-history":[{"count":47,"href":"https:\/\/madiil.com\/en_us\/wp-json\/wp\/v2\/pages\/1932\/revisions"}],"predecessor-version":[{"id":5408,"href":"https:\/\/madiil.com\/en_us\/wp-json\/wp\/v2\/pages\/1932\/revisions\/5408"}],"wp:attachment":[{"href":"https:\/\/madiil.com\/en_us\/wp-json\/wp\/v2\/media?parent=1932"}],"curies":[{"name":"wp","href":"https:\/\/api.w.org\/{rel}","templated":true}]}}