{"id":504,"date":"2022-07-18T17:49:36","date_gmt":"2022-07-18T17:49:36","guid":{"rendered":"https:\/\/madiil.com\/?page_id=504"},"modified":"2026-03-27T01:16:02","modified_gmt":"2026-03-27T01:16:02","slug":"branding","status":"publish","type":"page","link":"https:\/\/madiil.com\/en_us\/branding\/","title":{"rendered":"Branding"},"content":{"rendered":"<div data-elementor-type=\"wp-page\" data-elementor-id=\"504\" class=\"elementor elementor-504\" data-elementor-post-type=\"page\">\n\t\t\t\t\t\t<section class=\"elementor-section elementor-top-section elementor-element elementor-element-f50d81e elementor-section-boxed elementor-section-height-default elementor-section-height-default\" data-id=\"f50d81e\" data-element_type=\"section\" data-e-type=\"section\" data-settings=\"{&quot;background_background&quot;:&quot;classic&quot;,&quot;jet_parallax_layout_list&quot;:[]}\">\n\t\t\t\t\t\t<div class=\"elementor-container elementor-column-gap-default\">\n\t\t\t\t\t<div class=\"elementor-column elementor-col-100 elementor-top-column elementor-element elementor-element-fa72c55\" data-id=\"fa72c55\" data-element_type=\"column\" data-e-type=\"column\">\n\t\t\t<div class=\"elementor-widget-wrap elementor-element-populated\">\n\t\t\t\t\t\t<div class=\"elementor-element elementor-element-90160b3 elementor-widget elementor-widget-heading\" data-id=\"90160b3\" data-element_type=\"widget\" data-e-type=\"widget\" data-widget_type=\"heading.default\">\n\t\t\t\t<div class=\"elementor-widget-container\">\n\t\t\t\t\t<h1 class=\"elementor-heading-title elementor-size-default\">Branding<\/h1>\t\t\t\t<\/div>\n\t\t\t\t<\/div>\n\t\t\t\t<div class=\"elementor-element elementor-element-55897e7 elementor-widget elementor-widget-text-editor\" data-id=\"55897e7\" data-element_type=\"widget\" data-e-type=\"widget\" data-widget_type=\"text-editor.default\">\n\t\t\t\t<div class=\"elementor-widget-container\">\n\t\t\t\t\t\t\t\t\t<p>Aprovechar los elementos de tu marca, te permitir\u00e1 destacar y construir lazos de fidelizaci\u00f3n con tu audiencia.<\/p>\t\t\t\t\t\t\t\t<\/div>\n\t\t\t\t<\/div>\n\t\t\t\t\t<\/div>\n\t\t<\/div>\n\t\t\t\t\t<\/div>\n\t\t<\/section>\n\t\t\t\t<section class=\"elementor-section elementor-top-section elementor-element elementor-element-6d58405 elementor-section-boxed elementor-section-height-default elementor-section-height-default\" data-id=\"6d58405\" data-element_type=\"section\" data-e-type=\"section\" data-settings=\"{&quot;jet_parallax_layout_list&quot;:[]}\">\n\t\t\t\t\t\t<div class=\"elementor-container elementor-column-gap-default\">\n\t\t\t\t\t<div class=\"elementor-column elementor-col-100 elementor-top-column elementor-element elementor-element-53b1245\" data-id=\"53b1245\" data-element_type=\"column\" data-e-type=\"column\">\n\t\t\t<div class=\"elementor-widget-wrap elementor-element-populated\">\n\t\t\t\t\t\t<div class=\"elementor-element elementor-element-632542b elementor-widget elementor-widget-text-editor\" data-id=\"632542b\" data-element_type=\"widget\" data-e-type=\"widget\" data-widget_type=\"text-editor.default\">\n\t\t\t\t<div class=\"elementor-widget-container\">\n\t\t\t\t\t\t\t\t\t<p>Los elementos del branding, sirven para crear una estrategia de marca que refleje los valores de tu empresa y la conecte con tus clientes a un nivel m\u00e1s profundo, no solo mejorar\u00e1 tu posicionamiento, sino que tendr\u00e1 un impacto directo en tus ganancias.<\/p><p>Con esto en mente, sabr\u00e1s la importancia de crear una identidad estrat\u00e9gica para tu marca. Entonces, conoce los elementos del branding que construyen marcas poderosas, y que en madiil.com puedes contratar este importante servicio para tu proyecto.<\/p>\t\t\t\t\t\t\t\t<\/div>\n\t\t\t\t<\/div>\n\t\t\t\t\t<\/div>\n\t\t<\/div>\n\t\t\t\t\t<\/div>\n\t\t<\/section>\n\t\t\t\t<section class=\"elementor-section elementor-top-section elementor-element elementor-element-accca0f elementor-section-boxed elementor-section-height-default elementor-section-height-default\" data-id=\"accca0f\" data-element_type=\"section\" data-e-type=\"section\" data-settings=\"{&quot;jet_parallax_layout_list&quot;:[]}\">\n\t\t\t\t\t\t<div class=\"elementor-container elementor-column-gap-default\">\n\t\t\t\t\t<div class=\"elementor-column elementor-col-33 elementor-top-column elementor-element elementor-element-138c782\" data-id=\"138c782\" data-element_type=\"column\" data-e-type=\"column\">\n\t\t\t<div class=\"elementor-widget-wrap elementor-element-populated\">\n\t\t\t\t\t\t<div class=\"elementor-element elementor-element-1fdbe88 elementor-position-top elementor-widget elementor-widget-image-box\" data-id=\"1fdbe88\" data-element_type=\"widget\" data-e-type=\"widget\" data-widget_type=\"image-box.default\">\n\t\t\t\t<div class=\"elementor-widget-container\">\n\t\t\t\t\t<div class=\"elementor-image-box-wrapper\"><figure class=\"elementor-image-box-img\"><img fetchpriority=\"high\" decoding=\"async\" width=\"640\" height=\"425\" src=\"https:\/\/madiil.com\/wp-content\/uploads\/2022\/07\/Proposito.webp\" class=\"attachment-full size-full wp-image-748\" alt=\"\" srcset=\"https:\/\/madiil.com\/wp-content\/uploads\/2022\/07\/Proposito.webp 640w, https:\/\/madiil.com\/wp-content\/uploads\/2022\/07\/Proposito-600x398.webp 600w, https:\/\/madiil.com\/wp-content\/uploads\/2022\/07\/Proposito-300x199.webp 300w\" sizes=\"(max-width: 640px) 100vw, 640px\" \/><\/figure><div class=\"elementor-image-box-content\"><h3 class=\"elementor-image-box-title\">Purpose<\/h3><p class=\"elementor-image-box-description\">Los consumidores esperan poder conectarse con una marca a trav\u00e9s de valores y causas comunes. Esto refleja que el 77% de ellos, compran a marcas que comparten los mismos valores. Por eso, una marca con prop\u00f3sito la humaniza y ayuda a crear un v\u00ednculo significativo con tus clientes.<\/p><\/div><\/div>\t\t\t\t<\/div>\n\t\t\t\t<\/div>\n\t\t\t\t\t<\/div>\n\t\t<\/div>\n\t\t\t\t<div class=\"elementor-column elementor-col-33 elementor-top-column elementor-element elementor-element-8d5e988\" data-id=\"8d5e988\" data-element_type=\"column\" data-e-type=\"column\">\n\t\t\t<div class=\"elementor-widget-wrap elementor-element-populated\">\n\t\t\t\t\t\t<div class=\"elementor-element elementor-element-4b270f2 elementor-position-top elementor-widget elementor-widget-image-box\" data-id=\"4b270f2\" data-element_type=\"widget\" data-e-type=\"widget\" data-widget_type=\"image-box.default\">\n\t\t\t\t<div class=\"elementor-widget-container\">\n\t\t\t\t\t<div class=\"elementor-image-box-wrapper\"><figure class=\"elementor-image-box-img\"><img decoding=\"async\" width=\"640\" height=\"425\" src=\"https:\/\/madiil.com\/wp-content\/uploads\/2022\/07\/Nombre-de-marca.webp\" class=\"attachment-full size-full wp-image-746\" alt=\"\" srcset=\"https:\/\/madiil.com\/wp-content\/uploads\/2022\/07\/Nombre-de-marca.webp 640w, https:\/\/madiil.com\/wp-content\/uploads\/2022\/07\/Nombre-de-marca-600x398.webp 600w, https:\/\/madiil.com\/wp-content\/uploads\/2022\/07\/Nombre-de-marca-300x199.webp 300w\" sizes=\"(max-width: 640px) 100vw, 640px\" \/><\/figure><div class=\"elementor-image-box-content\"><h3 class=\"elementor-image-box-title\">Brand name<\/h3><p class=\"elementor-image-box-description\">El nombre es el elemento de branding por excelencia. Se refiere a la palabra o conjunto de palabras utilizadas para identificar una empresa, producto, servicio o concepto.\n\n\u00bfSab\u00edas que el 77% de los consumidores realizan compras en base a una marca?<\/p><\/div><\/div>\t\t\t\t<\/div>\n\t\t\t\t<\/div>\n\t\t\t\t\t<\/div>\n\t\t<\/div>\n\t\t\t\t<div class=\"elementor-column elementor-col-33 elementor-top-column elementor-element elementor-element-4ea0028\" data-id=\"4ea0028\" data-element_type=\"column\" data-e-type=\"column\">\n\t\t\t<div class=\"elementor-widget-wrap elementor-element-populated\">\n\t\t\t\t\t\t<div class=\"elementor-element elementor-element-52ad500 elementor-position-top elementor-widget elementor-widget-image-box\" data-id=\"52ad500\" data-element_type=\"widget\" data-e-type=\"widget\" data-widget_type=\"image-box.default\">\n\t\t\t\t<div class=\"elementor-widget-container\">\n\t\t\t\t\t<div class=\"elementor-image-box-wrapper\"><figure class=\"elementor-image-box-img\"><img decoding=\"async\" width=\"640\" height=\"425\" src=\"https:\/\/madiil.com\/wp-content\/uploads\/2022\/07\/Logotipo.webp\" class=\"attachment-full size-full wp-image-745\" alt=\"\" srcset=\"https:\/\/madiil.com\/wp-content\/uploads\/2022\/07\/Logotipo.webp 640w, https:\/\/madiil.com\/wp-content\/uploads\/2022\/07\/Logotipo-600x398.webp 600w, https:\/\/madiil.com\/wp-content\/uploads\/2022\/07\/Logotipo-300x199.webp 300w\" sizes=\"(max-width: 640px) 100vw, 640px\" \/><\/figure><div class=\"elementor-image-box-content\"><h3 class=\"elementor-image-box-title\">Logo<\/h3><p class=\"elementor-image-box-description\">El logotipo es un s\u00edmbolo de identificaci\u00f3n visual de una marca.\n\nUn buen logo otorga una alt\u00edsima capacidad de ser recordado en la mente del consumidor.<\/p><\/div><\/div>\t\t\t\t<\/div>\n\t\t\t\t<\/div>\n\t\t\t\t\t<\/div>\n\t\t<\/div>\n\t\t\t\t\t<\/div>\n\t\t<\/section>\n\t\t\t\t<section class=\"elementor-section elementor-top-section elementor-element elementor-element-38f75cc elementor-section-boxed elementor-section-height-default elementor-section-height-default\" data-id=\"38f75cc\" data-element_type=\"section\" data-e-type=\"section\" data-settings=\"{&quot;jet_parallax_layout_list&quot;:[]}\">\n\t\t\t\t\t\t<div class=\"elementor-container elementor-column-gap-default\">\n\t\t\t\t\t<div class=\"elementor-column elementor-col-33 elementor-top-column elementor-element elementor-element-e4bc33a\" data-id=\"e4bc33a\" data-element_type=\"column\" data-e-type=\"column\">\n\t\t\t<div class=\"elementor-widget-wrap elementor-element-populated\">\n\t\t\t\t\t\t<div class=\"elementor-element elementor-element-08b58da elementor-position-top elementor-widget elementor-widget-image-box\" data-id=\"08b58da\" data-element_type=\"widget\" data-e-type=\"widget\" data-widget_type=\"image-box.default\">\n\t\t\t\t<div class=\"elementor-widget-container\">\n\t\t\t\t\t<div class=\"elementor-image-box-wrapper\"><figure class=\"elementor-image-box-img\"><img loading=\"lazy\" decoding=\"async\" width=\"640\" height=\"425\" src=\"https:\/\/madiil.com\/wp-content\/uploads\/2022\/07\/Colores.webp\" class=\"attachment-full size-full wp-image-737\" alt=\"\" srcset=\"https:\/\/madiil.com\/wp-content\/uploads\/2022\/07\/Colores.webp 640w, https:\/\/madiil.com\/wp-content\/uploads\/2022\/07\/Colores-600x398.webp 600w, https:\/\/madiil.com\/wp-content\/uploads\/2022\/07\/Colores-300x199.webp 300w\" sizes=\"(max-width: 640px) 100vw, 640px\" \/><\/figure><div class=\"elementor-image-box-content\"><h3 class=\"elementor-image-box-title\">Colors<\/h3><p class=\"elementor-image-box-description\">Los colores de la marca tambi\u00e9n afectan la forma en que las personas perciben una marca y, al igual que con todos los elementos de la marca, deben elegirse sabiamente, ya que el uso de un color caracter\u00edstico puede aumentar el reconocimiento de la marca en un haste en un 80%.<\/p><\/div><\/div>\t\t\t\t<\/div>\n\t\t\t\t<\/div>\n\t\t\t\t\t<\/div>\n\t\t<\/div>\n\t\t\t\t<div class=\"elementor-column elementor-col-33 elementor-top-column elementor-element elementor-element-357e57b\" data-id=\"357e57b\" data-element_type=\"column\" data-e-type=\"column\">\n\t\t\t<div class=\"elementor-widget-wrap elementor-element-populated\">\n\t\t\t\t\t\t<div class=\"elementor-element elementor-element-fc4a618 elementor-position-top elementor-widget elementor-widget-image-box\" data-id=\"fc4a618\" data-element_type=\"widget\" data-e-type=\"widget\" data-widget_type=\"image-box.default\">\n\t\t\t\t<div class=\"elementor-widget-container\">\n\t\t\t\t\t<div class=\"elementor-image-box-wrapper\"><figure class=\"elementor-image-box-img\"><img loading=\"lazy\" decoding=\"async\" width=\"640\" height=\"425\" src=\"https:\/\/madiil.com\/wp-content\/uploads\/2022\/07\/Tono-comucacion.webp\" class=\"attachment-full size-full wp-image-749\" alt=\"\" srcset=\"https:\/\/madiil.com\/wp-content\/uploads\/2022\/07\/Tono-comucacion.webp 640w, https:\/\/madiil.com\/wp-content\/uploads\/2022\/07\/Tono-comucacion-600x398.webp 600w, https:\/\/madiil.com\/wp-content\/uploads\/2022\/07\/Tono-comucacion-300x199.webp 300w\" sizes=\"(max-width: 640px) 100vw, 640px\" \/><\/figure><div class=\"elementor-image-box-content\"><h3 class=\"elementor-image-box-title\">Communication tone<\/h3><p class=\"elementor-image-box-description\">Es la forma en que una marca transmite su esencia, valores y atributos a trav\u00e9s de la comunicaci\u00f3n visual o escrita.\n\nEl tono de comunicaci\u00f3n se refleja en todos los contenidos, y en todos los canales de la marca.<\/p><\/div><\/div>\t\t\t\t<\/div>\n\t\t\t\t<\/div>\n\t\t\t\t\t<\/div>\n\t\t<\/div>\n\t\t\t\t<div class=\"elementor-column elementor-col-33 elementor-top-column elementor-element elementor-element-63f4c15\" data-id=\"63f4c15\" data-element_type=\"column\" data-e-type=\"column\">\n\t\t\t<div class=\"elementor-widget-wrap elementor-element-populated\">\n\t\t\t\t\t\t<div class=\"elementor-element elementor-element-7b8505c elementor-position-top elementor-widget elementor-widget-image-box\" data-id=\"7b8505c\" data-element_type=\"widget\" data-e-type=\"widget\" data-widget_type=\"image-box.default\">\n\t\t\t\t<div class=\"elementor-widget-container\">\n\t\t\t\t\t<div class=\"elementor-image-box-wrapper\"><figure class=\"elementor-image-box-img\"><img loading=\"lazy\" decoding=\"async\" width=\"640\" height=\"425\" src=\"https:\/\/madiil.com\/wp-content\/uploads\/2022\/07\/Personalidadmarca.webp\" class=\"attachment-full size-full wp-image-747\" alt=\"\" srcset=\"https:\/\/madiil.com\/wp-content\/uploads\/2022\/07\/Personalidadmarca.webp 640w, https:\/\/madiil.com\/wp-content\/uploads\/2022\/07\/Personalidadmarca-600x398.webp 600w, https:\/\/madiil.com\/wp-content\/uploads\/2022\/07\/Personalidadmarca-300x199.webp 300w\" sizes=\"(max-width: 640px) 100vw, 640px\" \/><\/figure><div class=\"elementor-image-box-content\"><h3 class=\"elementor-image-box-title\">Personality<\/h3><p class=\"elementor-image-box-description\">La personalidad es un elemento de marca muy poderoso, ya que a los consumidores les gusta una marca por la misma raz\u00f3n que les gusta la gente: compartir valores com\u00fan.\n\nEl objetivo de la personalidad de marca, es despertar inter\u00e9s, identificaci\u00f3n, e influir en los clientes potenciales.<\/p><\/div><\/div>\t\t\t\t<\/div>\n\t\t\t\t<\/div>\n\t\t\t\t\t<\/div>\n\t\t<\/div>\n\t\t\t\t\t<\/div>\n\t\t<\/section>\n\t\t\t\t<section class=\"elementor-section elementor-top-section elementor-element elementor-element-3d5ef95 elementor-section-boxed elementor-section-height-default elementor-section-height-default\" data-id=\"3d5ef95\" data-element_type=\"section\" data-e-type=\"section\" data-settings=\"{&quot;jet_parallax_layout_list&quot;:[]}\">\n\t\t\t\t\t\t<div class=\"elementor-container elementor-column-gap-default\">\n\t\t\t\t\t<div class=\"elementor-column elementor-col-33 elementor-top-column elementor-element elementor-element-6bd8257\" data-id=\"6bd8257\" data-element_type=\"column\" data-e-type=\"column\">\n\t\t\t<div class=\"elementor-widget-wrap elementor-element-populated\">\n\t\t\t\t\t\t<div class=\"elementor-element elementor-element-6ebcae7 elementor-position-top elementor-widget elementor-widget-image-box\" data-id=\"6ebcae7\" data-element_type=\"widget\" data-e-type=\"widget\" data-widget_type=\"image-box.default\">\n\t\t\t\t<div class=\"elementor-widget-container\">\n\t\t\t\t\t<div class=\"elementor-image-box-wrapper\"><figure class=\"elementor-image-box-img\"><img loading=\"lazy\" decoding=\"async\" width=\"640\" height=\"425\" src=\"https:\/\/madiil.com\/wp-content\/uploads\/2022\/07\/Slogan.webp\" class=\"attachment-full size-full wp-image-764\" alt=\"\" srcset=\"https:\/\/madiil.com\/wp-content\/uploads\/2022\/07\/Slogan.webp 640w, https:\/\/madiil.com\/wp-content\/uploads\/2022\/07\/Slogan-600x398.webp 600w, https:\/\/madiil.com\/wp-content\/uploads\/2022\/07\/Slogan-300x199.webp 300w\" sizes=\"(max-width: 640px) 100vw, 640px\" \/><\/figure><div class=\"elementor-image-box-content\"><h3 class=\"elementor-image-box-title\">Slogan<\/h3><p class=\"elementor-image-box-description\">El eslogan es una frase que resume la propuesta de valor o el prop\u00f3sito fundamental de una marca. Su funci\u00f3n es inspirar a los consumidores y mostrarles lo que representa una marca y lo que sus productos pueden ayudarlos a lograr.\n\nLos grandes esl\u00f3ganes son honestos, directos y los llevas en la mente. \u00bfC\u00f3mo no recordar que Rexona no te abandona?<\/p><\/div><\/div>\t\t\t\t<\/div>\n\t\t\t\t<\/div>\n\t\t\t\t\t<\/div>\n\t\t<\/div>\n\t\t\t\t<div class=\"elementor-column elementor-col-33 elementor-top-column elementor-element elementor-element-96ec252\" data-id=\"96ec252\" data-element_type=\"column\" data-e-type=\"column\">\n\t\t\t<div class=\"elementor-widget-wrap elementor-element-populated\">\n\t\t\t\t\t\t<div class=\"elementor-element elementor-element-95dcd0d elementor-position-top elementor-widget elementor-widget-image-box\" data-id=\"95dcd0d\" data-element_type=\"widget\" data-e-type=\"widget\" data-widget_type=\"image-box.default\">\n\t\t\t\t<div class=\"elementor-widget-container\">\n\t\t\t\t\t<div class=\"elementor-image-box-wrapper\"><figure class=\"elementor-image-box-img\"><img loading=\"lazy\" decoding=\"async\" width=\"640\" height=\"425\" src=\"https:\/\/madiil.com\/wp-content\/uploads\/2022\/07\/Caracteristicas-producto.webp\" class=\"attachment-full size-full wp-image-735\" alt=\"\" srcset=\"https:\/\/madiil.com\/wp-content\/uploads\/2022\/07\/Caracteristicas-producto.webp 640w, https:\/\/madiil.com\/wp-content\/uploads\/2022\/07\/Caracteristicas-producto-600x398.webp 600w, https:\/\/madiil.com\/wp-content\/uploads\/2022\/07\/Caracteristicas-producto-300x199.webp 300w\" sizes=\"(max-width: 640px) 100vw, 640px\" \/><\/figure><div class=\"elementor-image-box-content\"><h3 class=\"elementor-image-box-title\">Caracteristicas de producto<\/h3><p class=\"elementor-image-box-description\">La forma, el olor, el sabor, la textura y todas las caracter\u00edsticas de un producto son elementos de Branding que las marcas utilizan para crear una experiencia satisfactoria.\n\nLa fidelizaci\u00f3n de un cliente aumenta en un 43% con la activaci\u00f3n de 2 o 3 sentidos, y aumenta hasta un 58% cuando se activan 4 o 5 sentidos.<\/p><\/div><\/div>\t\t\t\t<\/div>\n\t\t\t\t<\/div>\n\t\t\t\t\t<\/div>\n\t\t<\/div>\n\t\t\t\t<div class=\"elementor-column elementor-col-33 elementor-top-column elementor-element elementor-element-8cfa751\" data-id=\"8cfa751\" data-element_type=\"column\" data-e-type=\"column\">\n\t\t\t<div class=\"elementor-widget-wrap elementor-element-populated\">\n\t\t\t\t\t\t<div class=\"elementor-element elementor-element-01d71c3 elementor-position-top elementor-widget elementor-widget-image-box\" data-id=\"01d71c3\" data-element_type=\"widget\" data-e-type=\"widget\" data-widget_type=\"image-box.default\">\n\t\t\t\t<div class=\"elementor-widget-container\">\n\t\t\t\t\t<div class=\"elementor-image-box-wrapper\"><figure class=\"elementor-image-box-img\"><img loading=\"lazy\" decoding=\"async\" width=\"640\" height=\"425\" src=\"https:\/\/madiil.com\/wp-content\/uploads\/2022\/07\/Experiencia-de-marca.webp\" class=\"attachment-full size-full wp-image-743\" alt=\"\" srcset=\"https:\/\/madiil.com\/wp-content\/uploads\/2022\/07\/Experiencia-de-marca.webp 640w, https:\/\/madiil.com\/wp-content\/uploads\/2022\/07\/Experiencia-de-marca-600x398.webp 600w, https:\/\/madiil.com\/wp-content\/uploads\/2022\/07\/Experiencia-de-marca-300x199.webp 300w\" sizes=\"(max-width: 640px) 100vw, 640px\" \/><\/figure><div class=\"elementor-image-box-content\"><h3 class=\"elementor-image-box-title\">Experiencia de marca<\/h3><p class=\"elementor-image-box-description\">La experiencia de marca incluye las percepciones y experiencias de los clientes con una marca, como la identidad visual, la experiencia de compra, el servicio posventa, la calidad del producto, y la personalidad que una marca transmite al consumidor.\n\nEl 80% de los clientes dice que la experiencia que brinda una empresa es tan importante como sus productos o servicios.<\/p><\/div><\/div>\t\t\t\t<\/div>\n\t\t\t\t<\/div>\n\t\t\t\t\t<\/div>\n\t\t<\/div>\n\t\t\t\t\t<\/div>\n\t\t<\/section>\n\t\t\t\t<\/div>","protected":false},"excerpt":{"rendered":"<p>Branding Aprovechar los elementos de tu marca, te permitir\u00e1 destacar y construir lazos de fidelizaci\u00f3n con tu audiencia. Los elementos del branding, sirven para crear una estrategia de marca que refleje los valores de tu empresa y la conecte con tus clientes a un nivel m\u00e1s profundo, no solo mejorar\u00e1 tu posicionamiento, sino que tendr\u00e1 [&hellip;]<\/p>\n","protected":false},"author":1,"featured_media":0,"parent":0,"menu_order":0,"comment_status":"closed","ping_status":"closed","template":"elementor_header_footer","meta":{"_acf_changed":false,"footnotes":""},"class_list":["post-504","page","type-page","status-publish","hentry"],"acf":[],"jetpack_sharing_enabled":true,"_links":{"self":[{"href":"https:\/\/madiil.com\/en_us\/wp-json\/wp\/v2\/pages\/504","targetHints":{"allow":["GET"]}}],"collection":[{"href":"https:\/\/madiil.com\/en_us\/wp-json\/wp\/v2\/pages"}],"about":[{"href":"https:\/\/madiil.com\/en_us\/wp-json\/wp\/v2\/types\/page"}],"author":[{"embeddable":true,"href":"https:\/\/madiil.com\/en_us\/wp-json\/wp\/v2\/users\/1"}],"replies":[{"embeddable":true,"href":"https:\/\/madiil.com\/en_us\/wp-json\/wp\/v2\/comments?post=504"}],"version-history":[{"count":73,"href":"https:\/\/madiil.com\/en_us\/wp-json\/wp\/v2\/pages\/504\/revisions"}],"predecessor-version":[{"id":5396,"href":"https:\/\/madiil.com\/en_us\/wp-json\/wp\/v2\/pages\/504\/revisions\/5396"}],"wp:attachment":[{"href":"https:\/\/madiil.com\/en_us\/wp-json\/wp\/v2\/media?parent=504"}],"curies":[{"name":"wp","href":"https:\/\/api.w.org\/{rel}","templated":true}]}}