{"id":4342,"date":"2025-10-28T19:16:31","date_gmt":"2025-10-28T19:16:31","guid":{"rendered":"https:\/\/madiil.com\/?post_type=product&#038;p=4342"},"modified":"2026-01-23T19:00:46","modified_gmt":"2026-01-23T19:00:46","slug":"impresora-tickets-termica-58mm","status":"publish","type":"product","link":"https:\/\/madiil.com\/en_us\/product\/impresora-tickets-termica-58mm\/","title":{"rendered":"Impresora de tickets t\u00e9rmica de 58mm con 5 rollos de papel"},"content":{"rendered":"<p>Compatible con los principales sistemas: WINDOWS, MAC, y LINUS.<\/p>\n<p>1.Impresi\u00f3n r\u00e1pida de hasta 58mm\/s para texto y gr\u00e1ficos<br \/>\n2. Puede imprimir logotipo(archivo bmp), c\u00f3digos de barras.<br \/>\n3. No puede imprimir etiquetas adheribles.<br \/>\n4. Funciona con punto de venta, y caj\u00f3n para dinero.<br \/>\n5. Le recomendamos el uso de rollos de 58x40mm.<br \/>\n6. Es una impresora t\u00e9rmica, no se necesita cambiar tintas.<\/p>\n<p>Paquete incluido:<br \/>\n1 Impresora t\u00e9rmica<br \/>\n1 Cable de alimentaci\u00f3n<br \/>\n1 Adaptador de corriente<br \/>\n5 Rollos de papel (58mm)<br \/>\n1 Manual de instrucciones<\/p>\n<p>Conexi\u00f3n: puerto USB<br \/>\nComando de impresi\u00f3n: ESC\/POS<br \/>\nM\u00e9todo de impresi\u00f3n: impresi\u00f3n de l\u00ednea t\u00e9rmica<br \/>\nVelocidad: 90 mm\/s<br \/>\nAncho de impresi\u00f3n: 58 mm<br \/>\nConjunto de caracteres: Alfanum\u00e9rico\/Kanji<br \/>\nTipo de papel: Rollo de papel<br \/>\nGrosor del papel: 0,06-0,08 mm<br \/>\nVoltaje del adaptador: DC24V\/2.5A<br \/>\nControl de caja: 12V\/1A<br \/>\nTama\u00f1o: 12*10.5*10.2cm<br \/>\nPeso unitario: 0.58 kg<br \/>\nEmulaci\u00f3n: Epson ESC\/POS<br \/>\nOtras funciones: admite la configuraci\u00f3n de impresi\u00f3n en negrita\/ajustado de caracteres\/espaciado entre l\u00edneas; admite la impresi\u00f3n de m\u00faltiples tipos de c\u00f3digos 1D y c\u00f3digos 2D.<\/p>\n<p>Conexi\u00f3n de la impresora<br \/>\nA. conecte el cable de alimentaci\u00f3n a la fuente de alimentaci\u00f3n de la impresora.<br \/>\nB. conecte el cable USB al puerto detr\u00e1s de la impresora.<br \/>\nC. conecte el cable de la Caja de dinero al conector de la Caja de dinero en la parte posterior de la impresora.<\/p>\n<p>Nota:<br \/>\n1. cuando la fuente de alimentaci\u00f3n de la impresora est\u00e1 apagada, Presione el bot\u00f3n de alimentaci\u00f3n durante mucho tiempo para encender la impresora, y la luz de alimentaci\u00f3n ( verde) siempre est\u00e1 encendida.<br \/>\n2. si la impresora carece de papel, el indicador de Estado parpadear\u00e1 (la pantalla imprime Estado \/ rojo). si la impresora tiene otros errores, el indicador de Estado parpadear\u00e1 (estado de la pantalla \/ verde).<\/p>","protected":false},"excerpt":{"rendered":"<p>Compatible con los principales sistemas: WINDOWS, MAC, y LINUS. 1.Impresi\u00f3n r\u00e1pida de hasta 58mm\/s para texto y gr\u00e1ficos 2. Puede imprimir logotipo(archivo bmp), c\u00f3digos de barras. 3. No puede imprimir etiquetas adheribles. 4. Funciona con punto de venta, y caj\u00f3n para dinero. 5. Le recomendamos el uso de rollos de 58x40mm. 6. Es una impresora [&hellip;]<\/p>\n","protected":false},"featured_media":4345,"comment_status":"open","ping_status":"closed","template":"","meta":{"_acf_changed":false},"product_brand":[99],"product_cat":[34,65,70],"product_tag":[],"class_list":{"0":"post-4342","1":"product","2":"type-product","3":"status-publish","4":"has-post-thumbnail","6":"product_brand-sineon","7":"product_cat-computo","8":"product_cat-impresoras","9":"product_cat-sineon","11":"first","12":"instock","13":"purchasable","14":"product-type-simple"},"acf":[],"jetpack_sharing_enabled":true,"_links":{"self":[{"href":"https:\/\/madiil.com\/en_us\/wp-json\/wp\/v2\/product\/4342","targetHints":{"allow":["GET"]}}],"collection":[{"href":"https:\/\/madiil.com\/en_us\/wp-json\/wp\/v2\/product"}],"about":[{"href":"https:\/\/madiil.com\/en_us\/wp-json\/wp\/v2\/types\/product"}],"replies":[{"embeddable":true,"href":"https:\/\/madiil.com\/en_us\/wp-json\/wp\/v2\/comments?post=4342"}],"wp:featuredmedia":[{"embeddable":true,"href":"https:\/\/madiil.com\/en_us\/wp-json\/wp\/v2\/media\/4345"}],"wp:attachment":[{"href":"https:\/\/madiil.com\/en_us\/wp-json\/wp\/v2\/media?parent=4342"}],"wp:term":[{"taxonomy":"product_brand","embeddable":true,"href":"https:\/\/madiil.com\/en_us\/wp-json\/wp\/v2\/product_brand?post=4342"},{"taxonomy":"product_cat","embeddable":true,"href":"https:\/\/madiil.com\/en_us\/wp-json\/wp\/v2\/product_cat?post=4342"},{"taxonomy":"product_tag","embeddable":true,"href":"https:\/\/madiil.com\/en_us\/wp-json\/wp\/v2\/product_tag?post=4342"}],"curies":[{"name":"wp","href":"https:\/\/api.w.org\/{rel}","templated":true}]}}