{"id":4346,"date":"2025-10-28T19:45:12","date_gmt":"2025-10-28T19:45:12","guid":{"rendered":"https:\/\/madiil.com\/?post_type=product&#038;p=4346"},"modified":"2026-01-23T19:00:38","modified_gmt":"2026-01-23T19:00:38","slug":"lector-codigo-de-barras-cmos-usb-cableado-1d-2d-qr","status":"publish","type":"product","link":"https:\/\/madiil.com\/en_us\/product\/lector-codigo-de-barras-cmos-usb-cableado-1d-2d-qr\/","title":{"rendered":"Lector c\u00f3digo de barras cmos usb Cableado 1d\/2d\/qr"},"content":{"rendered":"<div class=\"ui-pdp-container__row ui-pdp-container__row--highlighted-features-title\">\n<h2 class=\"ui-vpp-text-alignment--left ui-pdp-color--BLACK ui-pdp-size--XSMALL ui-pdp-family--SEMIBOLD highlighted-features-title\">Lo que tienes que saber de este producto<\/h2>\n<\/div>\n<div class=\"ui-pdp-container__row ui-pdp-container__row--highlighted-features\">\n<div class=\"ui-vpp-highlighted-specs__features\">\n<ul class=\"ui-vpp-highlighted-specs__features-list\">\n<li class=\"ui-vpp-highlighted-specs__features-list-item ui-pdp-color--BLACK ui-pdp-size--XSMALL ui-pdp-family--REGULAR\">Tipo de conector del cable: USB<\/li>\n<li class=\"ui-vpp-highlighted-specs__features-list-item ui-pdp-color--BLACK ui-pdp-size--XSMALL ui-pdp-family--REGULAR\">Incluye soporte: No<\/li>\n<li class=\"ui-vpp-highlighted-specs__features-list-item ui-pdp-color--BLACK ui-pdp-size--XSMALL ui-pdp-family--REGULAR\">Voltaje: 5V<\/li>\n<li class=\"ui-vpp-highlighted-specs__features-list-item ui-pdp-color--BLACK ui-pdp-size--XSMALL ui-pdp-family--REGULAR\">Es inal\u00e1mbrico.<\/li>\n<li class=\"ui-vpp-highlighted-specs__features-list-item ui-pdp-color--BLACK ui-pdp-size--XSMALL ui-pdp-family--REGULAR\">Lector de mano.<\/li>\n<li class=\"ui-vpp-highlighted-specs__features-list-item ui-pdp-color--BLACK ui-pdp-size--XSMALL ui-pdp-family--REGULAR\">Su tipo de escaneo es area imager.<\/li>\n<li class=\"ui-vpp-highlighted-specs__features-list-item ui-pdp-color--BLACK ui-pdp-size--XSMALL ui-pdp-family--REGULAR\">Tiene sensor de tecnolog\u00eda CMOS.<\/li>\n<li class=\"ui-vpp-highlighted-specs__features-list-item ui-pdp-color--BLACK ui-pdp-size--XSMALL ui-pdp-family--REGULAR\">Registra y decodifica un amplio volumen de datos.<\/li>\n<\/ul>\n<\/div>\n<h2 class=\"ui-pdp-description__title\" data-testid=\"title\">Descripci\u00f3n<\/h2>\n<p class=\"ui-pdp-description__content\" data-testid=\"content\">Escaneo de alta calidad: el esc\u00e1ner de c\u00f3digo de barras est\u00e1 equipado con sensores de imagen cmos, que pueden proporcionar un rendimiento de escaneo preciso y confiable. Soporte de c\u00f3digo en papel y basado en pantalla para que sea adecuado para diversas aplicaciones, como facturaci\u00f3n de supermercados, pagos m\u00f3viles,<br \/>\nY la gesti\u00f3n del inventario del almac\u00e9n.<\/p>\n<p class=\"ui-pdp-description__content\" data-testid=\"content\">Conexi\u00f3n por cable: conexi\u00f3n de interfaz USB para lograr una transmisi\u00f3n de datos directa y confiable. Con su funci\u00f3n plug and play, el esc\u00e1ner de c\u00f3digo de barras U20 es muy f\u00e1cil de configurar y usar. Compatible con android, linux, mac, Windows XP \/ 7 \/ 8 \/ 10, etc. basta con conectarlo a su dispositivo con una interfaz USB para que pueda empezar a escanear de inmediato. No se necesita una instalaci\u00f3n o configuraci\u00f3n compleja.<\/p>\n<p>Capacidad de decodificaci\u00f3n: 1D &#8211; (ean13, EAN 8, UPC &#8211; a, UPC &#8211; e0, UPC &#8211; e1, code128, code39, code93, entrelazado 2 \/ 5, industrial 25, Matriz 2 \/ 5,<br \/>\nCode11, codebar, msi, RSS &#8211; 14, RSS &#8211; ltd, RSS &#8211; exp, Standard 2 \/ 5, plessey, chinapost 25, gs1 composite); 2d (c\u00f3digo qr, matriz de datos (dm), C\u00f3digo qr,<br \/>\nPdf417, hanxin, pdf417, C\u00f3digo qr, maxicode, C\u00f3digo azteca, C\u00f3digo 16k)<\/p>\n<p class=\"ui-pdp-description__content\" data-testid=\"content\">Aplicaci\u00f3n multifuncional: ya sea que trabaje en un supermercado, gestione el inventario del almac\u00e9n o promueva el pago m\u00f3vil.<br \/>\nLos esc\u00e1neres de c\u00f3digo de barras est\u00e1n dise\u00f1ados para satisfacer sus necesidades. Su versatilidad y compatibilidad con diversos sistemas la convierten en una valiosa herramienta para todas las empresas<\/p>\n<p class=\"ui-pdp-description__content\" data-testid=\"content\">Tama\u00f1o.<br \/>\nRendimiento confiable: dise\u00f1ado especialmente para satisfacer las necesidades de uso diario. Su construcci\u00f3n duradera garantiza un rendimiento duradero, al tiempo que<br \/>\nEl dise\u00f1o ergon\u00f3mico proporciona comodidad durante el escaneo prolongado.<br \/>\nComo resultado, mejore su flujo de trabajo y experiencia del cliente.<\/p>\n<p class=\"ui-pdp-description__content\" data-testid=\"content\">Especificaciones:<br \/>\nModo de conexi\u00f3n: Cable USB<br \/>\nCategor\u00eda de c\u00f3digo de barras de escaneo: 1d, C\u00f3digo de barras 2d<br \/>\nDensidad de lectura de c\u00f3digo: mayor o igual a 5 ml<br \/>\nTipo de decodificaci\u00f3n:<br \/>\n1d: ean13, EAN 8, UPC &#8211; a, UPC &#8211; e0, UPC &#8211; e1, code128, code39, code93, entrelazados 2 \/ 5, industria 25, Matriz 2 \/ 5, code11, codebar, msi,RSS &#8211; 14, RSS &#8211; ltd, RSS &#8211; exp, est\u00e1ndar 2 \/ 5, plessey, China Post 25, compuesto gs1<br \/>\nC\u00f3digo qr: C\u00f3digo qr, matriz de datos (dm), pdf417, hanxin, pdf417, C\u00f3digo qr, maxicode, C\u00f3digo azteca, C\u00f3digo 16k<br \/>\nTemperatura de trabajo: cent\u00edgrados &#8211; 0 C + 50 C<br \/>\nTemperatura de almacenamiento: &#8211; 40 C + 60 C<br \/>\nHumedad de trabajo: 5% &#8211; 95% (sin condensaci\u00f3n)<br \/>\nModo de recordatorio: zumbador, LED<br \/>\nModo de escaneo: manual, continuo<br \/>\nRendimiento s\u00edsmico: se puede pasar la prueba de ca\u00edda libre de 1,5 m<br \/>\nM\u00e9todo de escaneo: manual, a menudo abierto<br \/>\nMaterial: ABS + pc<br \/>\nPrecisi\u00f3n de escaneo: igual o superior a 4mil<br \/>\nTensi\u00f3n: 5v<br \/>\nCorriente de trabajo: 150 ma<br \/>\nInterfaz de soporte: interfaz USB<br \/>\nModo de recordatorio: indicador de zumbador<\/p>\n<p>Lista de embalaje:<br \/>\n1 x Esc\u00e1neres de c\u00f3digo de barras bidimensionales<\/p>\n<\/div>","protected":false},"excerpt":{"rendered":"<p>Lo que tienes que saber de este producto Tipo de conector del cable: USB Incluye soporte: No Voltaje: 5V Es inal\u00e1mbrico. Lector de mano. Su tipo de escaneo es area imager. Tiene sensor de tecnolog\u00eda CMOS. Registra y decodifica un amplio volumen de datos. Descripci\u00f3n Escaneo de alta calidad: el esc\u00e1ner de c\u00f3digo de barras [&hellip;]<\/p>\n","protected":false},"featured_media":4347,"comment_status":"open","ping_status":"closed","template":"","meta":{"_acf_changed":false},"product_brand":[99],"product_cat":[34,67,70],"product_tag":[],"class_list":{"0":"post-4346","1":"product","2":"type-product","3":"status-publish","4":"has-post-thumbnail","6":"product_brand-sineon","7":"product_cat-computo","8":"product_cat-lectores-de-codigo-de-barras","9":"product_cat-sineon","11":"first","12":"instock","13":"purchasable","14":"product-type-simple"},"acf":[],"jetpack_sharing_enabled":true,"_links":{"self":[{"href":"https:\/\/madiil.com\/en_us\/wp-json\/wp\/v2\/product\/4346","targetHints":{"allow":["GET"]}}],"collection":[{"href":"https:\/\/madiil.com\/en_us\/wp-json\/wp\/v2\/product"}],"about":[{"href":"https:\/\/madiil.com\/en_us\/wp-json\/wp\/v2\/types\/product"}],"replies":[{"embeddable":true,"href":"https:\/\/madiil.com\/en_us\/wp-json\/wp\/v2\/comments?post=4346"}],"wp:featuredmedia":[{"embeddable":true,"href":"https:\/\/madiil.com\/en_us\/wp-json\/wp\/v2\/media\/4347"}],"wp:attachment":[{"href":"https:\/\/madiil.com\/en_us\/wp-json\/wp\/v2\/media?parent=4346"}],"wp:term":[{"taxonomy":"product_brand","embeddable":true,"href":"https:\/\/madiil.com\/en_us\/wp-json\/wp\/v2\/product_brand?post=4346"},{"taxonomy":"product_cat","embeddable":true,"href":"https:\/\/madiil.com\/en_us\/wp-json\/wp\/v2\/product_cat?post=4346"},{"taxonomy":"product_tag","embeddable":true,"href":"https:\/\/madiil.com\/en_us\/wp-json\/wp\/v2\/product_tag?post=4346"}],"curies":[{"name":"wp","href":"https:\/\/api.w.org\/{rel}","templated":true}]}}