{"id":5299,"date":"2026-03-07T00:28:46","date_gmt":"2026-03-07T00:28:46","guid":{"rendered":"https:\/\/madiil.com\/?post_type=product&#038;p=5299"},"modified":"2026-03-07T00:43:42","modified_gmt":"2026-03-07T00:43:42","slug":"playera-halcones-galacticos-silver-hawks-ispi","status":"publish","type":"product","link":"https:\/\/madiil.com\/en_us\/product\/playera-halcones-galacticos-silver-hawks-ispi\/","title":{"rendered":"Playera Halcones Gal\u00e1cticos Silver Hawks Ispi"},"content":{"rendered":"<p>Playera Halcones Gal\u00e1cticos Silver Hawks ISPI<br class=\"html-br\" \/>PHRSH03B<br class=\"html-br\" \/><br class=\"html-br\" \/>Estampado en DTF de alta calidad.<br class=\"html-br\" \/><br class=\"html-br\" \/>\u00bb 100% algod\u00f3n<br class=\"html-br\" \/>\u00bb Colores altamente vivos<br class=\"html-br\" \/>\u00bb No decolora<br class=\"html-br\" \/>\u00bb Alta durabilidad<br class=\"html-br\" \/><br class=\"html-br\" \/>Tallas: CH | MD | GD<br class=\"html-br\" \/><br class=\"html-br\" \/>Compra 100% online, con entrega local en Acapulco.<br class=\"html-br\" \/><br class=\"html-br\" \/>Entregas en Acapulco<br class=\"html-br\" \/><br class=\"html-br\" \/>Para env\u00edos a todo M\u00e9xico, se paga el total antes del env\u00edo.<br class=\"html-br\" \/><br class=\"html-br\" \/><span class=\"html-span xdj266r x14z9mp xat24cr x1lziwak xexx8yu xyri2b x18d9i69 x1c1uobl x1hl2dhg x16tdsg8 x1vvkbs\"><a class=\"x1i10hfl xjbqb8w x1ejq31n x18oe1m7 x1sy0etr xstzfhl x972fbf x10w94by x1qhh985 x14e42zd x9f619 x1ypdohk xt0psk2 x3ct3a4 xdj266r x14z9mp xat24cr x1lziwak xexx8yu xyri2b x18d9i69 x1c1uobl x16tdsg8 x1hl2dhg xggy1nq x1a2a7pz xkrqix3 x1sur9pj xzsf02u x1s688f\" tabindex=\"0\" role=\"link\" href=\"https:\/\/www.facebook.com\/hashtag\/kottovin?__eep__=6&amp;__tn__=*NK*F\">#Kottovin<\/a><\/span>\u00a0<span class=\"html-span xdj266r x14z9mp xat24cr x1lziwak xexx8yu xyri2b x18d9i69 x1c1uobl x1hl2dhg x16tdsg8 x1vvkbs\"><a class=\"x1i10hfl xjbqb8w x1ejq31n x18oe1m7 x1sy0etr xstzfhl x972fbf x10w94by x1qhh985 x14e42zd x9f619 x1ypdohk xt0psk2 x3ct3a4 xdj266r x14z9mp xat24cr x1lziwak xexx8yu xyri2b x18d9i69 x1c1uobl x16tdsg8 x1hl2dhg xggy1nq x1a2a7pz xkrqix3 x1sur9pj xzsf02u x1s688f\" tabindex=\"0\" role=\"link\" href=\"https:\/\/www.facebook.com\/hashtag\/playerasdtf?__eep__=6&amp;__tn__=*NK*F\">#PlayerasDTF<\/a><\/span>\u00a0<span class=\"html-span xdj266r x14z9mp xat24cr x1lziwak xexx8yu xyri2b x18d9i69 x1c1uobl x1hl2dhg x16tdsg8 x1vvkbs\"><a class=\"x1i10hfl xjbqb8w x1ejq31n x18oe1m7 x1sy0etr xstzfhl x972fbf x10w94by x1qhh985 x14e42zd x9f619 x1ypdohk xt0psk2 x3ct3a4 xdj266r x14z9mp xat24cr x1lziwak xexx8yu xyri2b x18d9i69 x1c1uobl x16tdsg8 x1hl2dhg xggy1nq x1a2a7pz xkrqix3 x1sur9pj xzsf02u x1s688f\" tabindex=\"0\" role=\"link\" href=\"https:\/\/www.facebook.com\/hashtag\/playeraspersonalizadas?__eep__=6&amp;__tn__=*NK*F\">#playeraspersonalizadas<\/a><\/span>\u00a0<span class=\"html-span xdj266r x14z9mp xat24cr x1lziwak xexx8yu xyri2b x18d9i69 x1c1uobl x1hl2dhg x16tdsg8 x1vvkbs\"><a class=\"x1i10hfl xjbqb8w x1ejq31n x18oe1m7 x1sy0etr xstzfhl x972fbf x10w94by x1qhh985 x14e42zd x9f619 x1ypdohk xt0psk2 x3ct3a4 xdj266r x14z9mp xat24cr x1lziwak xexx8yu xyri2b x18d9i69 x1c1uobl x16tdsg8 x1hl2dhg xggy1nq x1a2a7pz xkrqix3 x1sur9pj xzsf02u x1s688f\" tabindex=\"0\" role=\"link\" href=\"https:\/\/www.facebook.com\/hashtag\/acapulco?__eep__=6&amp;__tn__=*NK*F\">#Acapulco<\/a><\/span>\u00a0<span class=\"html-span xdj266r x14z9mp xat24cr x1lziwak xexx8yu xyri2b x18d9i69 x1c1uobl x1hl2dhg x16tdsg8 x1vvkbs\"><a class=\"x1i10hfl xjbqb8w x1ejq31n x18oe1m7 x1sy0etr xstzfhl x972fbf x10w94by x1qhh985 x14e42zd x9f619 x1ypdohk xt0psk2 x3ct3a4 xdj266r x14z9mp xat24cr x1lziwak xexx8yu xyri2b x18d9i69 x1c1uobl x16tdsg8 x1hl2dhg xggy1nq x1a2a7pz xkrqix3 x1sur9pj xzsf02u x1s688f\" tabindex=\"0\" role=\"link\" href=\"https:\/\/www.facebook.com\/hashtag\/chester?__eep__=6&amp;__tn__=*NK*F\">#Silverhawks<\/a><\/span><\/p>","protected":false},"excerpt":{"rendered":"<div class=\"ui-pdp-container__row ui-pdp-container__row--highlighted-features-title\">\n<h6 class=\"ui-vpp-text-alignment--left ui-pdp-color--BLACK ui-pdp-size--XSMALL ui-pdp-family--SEMIBOLD highlighted-features-title\">\u00a0Lo que tienes que saber de este producto<\/h6>\n<\/div>\n<div class=\"ui-pdp-container__row ui-pdp-container__row--highlighted-features\">\n<div class=\"ui-vpp-highlighted-specs__features\">\n<ul>\n<li>Playera 100% de algod\u00f3n.<\/li>\n<li>Estampado en DTF de alta calidad.<\/li>\n<li>Cuello redondo.<\/li>\n<li>Manga corta<\/li>\n<li>Silueta de dama.<\/li>\n<li>Sin etiqueta de tela.<\/li>\n<\/ul>\n<\/div>\n<\/div>","protected":false},"featured_media":5312,"comment_status":"open","ping_status":"closed","template":"","meta":{"_acf_changed":false},"product_brand":[95],"product_cat":[75,72,48],"product_tag":[],"class_list":{"0":"post-5299","1":"product","2":"type-product","3":"status-publish","4":"has-post-thumbnail","6":"product_brand-kottovin","7":"product_cat-caballero","8":"product_cat-kottovin","9":"product_cat-playeras","11":"first","12":"instock","13":"purchasable","14":"product-type-variable"},"acf":[],"jetpack_sharing_enabled":true,"_links":{"self":[{"href":"https:\/\/madiil.com\/en_us\/wp-json\/wp\/v2\/product\/5299","targetHints":{"allow":["GET"]}}],"collection":[{"href":"https:\/\/madiil.com\/en_us\/wp-json\/wp\/v2\/product"}],"about":[{"href":"https:\/\/madiil.com\/en_us\/wp-json\/wp\/v2\/types\/product"}],"replies":[{"embeddable":true,"href":"https:\/\/madiil.com\/en_us\/wp-json\/wp\/v2\/comments?post=5299"}],"wp:featuredmedia":[{"embeddable":true,"href":"https:\/\/madiil.com\/en_us\/wp-json\/wp\/v2\/media\/5312"}],"wp:attachment":[{"href":"https:\/\/madiil.com\/en_us\/wp-json\/wp\/v2\/media?parent=5299"}],"wp:term":[{"taxonomy":"product_brand","embeddable":true,"href":"https:\/\/madiil.com\/en_us\/wp-json\/wp\/v2\/product_brand?post=5299"},{"taxonomy":"product_cat","embeddable":true,"href":"https:\/\/madiil.com\/en_us\/wp-json\/wp\/v2\/product_cat?post=5299"},{"taxonomy":"product_tag","embeddable":true,"href":"https:\/\/madiil.com\/en_us\/wp-json\/wp\/v2\/product_tag?post=5299"}],"curies":[{"name":"wp","href":"https:\/\/api.w.org\/{rel}","templated":true}]}}